{"id":1308,"date":"2017-06-22T15:34:46","date_gmt":"2017-06-22T15:34:46","guid":{"rendered":"http:\/\/bumerangdenetim.com\/?page_id=1308"},"modified":"2020-03-14T05:55:50","modified_gmt":"2020-03-14T02:55:50","slug":"tecil-faizi-oranlari","status":"publish","type":"page","link":"https:\/\/bumerangdenetim.com\/en\/tecil-faizi-oranlari\/","title":{"rendered":"Tecil Faizi Oranlar\u0131"},"content":{"rendered":"<div class=\"fusion-fullwidth fullwidth-box fusion-builder-row-1 nonhundred-percent-fullwidth non-hundred-percent-height-scrolling\" style=\"background-color: #ffffff;background-position: center center;background-repeat: no-repeat;padding-top:0px;padding-right:0px;padding-bottom:0px;padding-left:0px;margin-bottom: 0px;margin-top: 0px;border-width: 0px 0px 0px 0px;border-color:#eae9e9;border-style:solid;\" ><div class=\"fusion-builder-row fusion-row\"><div class=\"fusion-layout-column fusion_builder_column fusion-builder-column-0 fusion_builder_column_1_1 1_1 fusion-one-full fusion-column-first fusion-column-last\" style=\"margin-top:0px;margin-bottom:20px;\"><div class=\"fusion-column-wrapper fusion-flex-column-wrapper-legacy\" style=\"background-position:left top;background-repeat:no-repeat;-webkit-background-size:cover;-moz-background-size:cover;-o-background-size:cover;background-size:cover;padding: 0px 0px 0px 0px;\">\n<div class=\"table-1\">\n<table width=\"100%\">\n<thead>\n<tr>\n<th align=\"left\">\n<table width=\"100%\">\n<tbody>\n<tr>\n<td width=\"387\"><\/td>\n<td width=\"66\"><\/td>\n<\/tr>\n<tr>\n<td width=\"387\">Since 21.10.2010\u00a0 (Tahsilat Genel Tebli\u011fi, Seri C, S\u0131ra No:2)<\/td>\n<td width=\"66\">% 12<\/td>\n<\/tr>\n<tr>\n<td width=\"387\">Since 21.11.2009 (Tahsilat Genel Tebli\u011fi, Seri C, S\u0131ra No:1)<\/td>\n<td width=\"66\">% 19<\/td>\n<\/tr>\n<tr>\n<td width=\"387\"><a href=\"http:\/\/www.alomaliye.com\/nisan_06\/tahsilat_gen_teb_438.htm\">Since 28.04.2006\u00a0 (438 Seri No.lu Tahsilat Genel Tebli\u011fi)<\/a><\/td>\n<td width=\"66\">\u00a0% 2<\/td>\n<\/tr>\n<tr>\n<td width=\"387\"><a href=\"http:\/\/www.alomaliye.com\/tahsilat_genel_teb_434.htm\">\u00a0Since 04.03.2005\u00a0 (434 Seri No.lu Tahsilat Genel Tebli\u011fi)<\/a><\/td>\n<td width=\"66\">\u00a0% 2,5<\/td>\n<\/tr>\n<tr>\n<td width=\"387\">\u00a0Since 22.11.2003 (429 Seri No.lu Tahsilat Genel Tebli\u011fi)<\/td>\n<td width=\"66\">\u00a0% 3<\/td>\n<\/tr>\n<tr>\n<td width=\"387\">\u00a0Since 02.02.2002 (421 Seri No.lu Tahsilat Genel Tebli\u011fi)<\/td>\n<td width=\"66\">\u00a0% 5<\/td>\n<\/tr>\n<tr>\n<td width=\"387\">\u00a0Since 29.03.2001 (416 Seri No.lu Tahsilat Genel Tebli\u011fi)<\/td>\n<td width=\"66\">\u00a0% 6<\/td>\n<\/tr>\n<tr>\n<td width=\"387\">\u00a0Since 21.12.2000 (412 Seri No.lu Tahsilat Genel Tebli\u011fi)<\/td>\n<td width=\"66\">\u00a0% 3<\/td>\n<\/tr>\n<tr>\n<td width=\"387\">\u00a0Since 25.01.2000 (409 Seri No.lu Tahsilat Genel Tebli\u011fi)<\/td>\n<td width=\"66\">\u00a0% 4<\/td>\n<\/tr>\n<tr>\n<td width=\"387\">In Between 10.07.1998-24.01.2000 (402 Seri No.lu Tahsilat G.Tebli\u011fi)<\/td>\n<td width=\"66\">\u00a0% 8<\/td>\n<\/tr>\n<tr>\n<td width=\"387\">In Between 22.10.1996-09.07.1998 (397 Seri Nolu Tahsilat G.Tebli\u011fi)<\/td>\n<td width=\"66\">\u00a0% 10<\/td>\n<\/tr>\n<\/tbody>\n<\/table>\n<\/th>\n<\/tr>\n<\/thead>\n<tbody>\n<tr>\n<td align=\"left\"><\/td>\n<\/tr>\n<\/tbody>\n<\/table>\n<\/div>\n<div class=\"fusion-clearfix\"><\/div><\/div><\/div><\/div><\/div>\n","protected":false},"excerpt":{"rendered":"","protected":false},"author":1,"featured_media":0,"parent":0,"menu_order":0,"comment_status":"closed","ping_status":"closed","template":"","meta":{"_monsterinsights_skip_tracking":false,"_monsterinsights_sitenote_active":false,"_monsterinsights_sitenote_note":"","_monsterinsights_sitenote_category":0},"translation":{"provider":"WPGlobus","version":"2.8.1","language":"en","enabled_languages":["tr","en"],"languages":{"tr":{"title":true,"content":true,"excerpt":false},"en":{"title":false,"content":true,"excerpt":false}}},"yoast_head":"<!-- This site is optimized with the Yoast SEO plugin v16.7 - https:\/\/yoast.com\/wordpress\/plugins\/seo\/ -->\n<title>Tecil Faizi Oranlar\u0131 - Bumerang Denetim<\/title>\n<meta name=\"robots\" content=\"index, follow, max-snippet:-1, max-image-preview:large, max-video-preview:-1\" \/>\n<link rel=\"canonical\" href=\"https:\/\/bumerangdenetim.com\/en\/tecil-faizi-oranlari\/\" \/>\n<meta property=\"og:locale\" content=\"en_US\" \/>\n<meta property=\"og:type\" content=\"article\" \/>\n<meta property=\"og:title\" content=\"Tecil Faizi Oranlar\u0131 - Bumerang Denetim\" \/>\n<meta property=\"og:url\" content=\"https:\/\/bumerangdenetim.com\/en\/tecil-faizi-oranlari\/\" \/>\n<meta property=\"og:site_name\" content=\"Bumerang Denetim\" \/>\n<meta property=\"article:modified_time\" content=\"2020-03-14T02:55:50+00:00\" \/>\n<meta name=\"twitter:card\" content=\"summary\" \/>\n<meta name=\"twitter:label1\" content=\"Est. reading time\" \/>\n\t<meta name=\"twitter:data1\" content=\"3 minutes\" \/>\n<script type=\"application\/ld+json\" class=\"yoast-schema-graph\">{\"@context\":\"https:\/\/schema.org\",\"@graph\":[{\"@type\":\"Organization\",\"@id\":\"https:\/\/bumerangdenetim.com\/#organization\",\"name\":\"Bumerang Denetim Kurumsal Disiplin ve Y\\u00f6netim Dan\\u0131\\u015fmanl\\u0131\\u011f\\u0131 A.\\u015e.\",\"url\":\"https:\/\/bumerangdenetim.com\/\",\"sameAs\":[\"https:\/\/www.instagram.com\/bumerangdenetim\/\",\"https:\/\/linkedin.com\/company\/bumerang-denetim-kurumsal-disiplin-ve-yonetim-danismanligi\"],\"logo\":{\"@type\":\"ImageObject\",\"@id\":\"https:\/\/bumerangdenetim.com\/#logo\",\"inLanguage\":\"en-US\",\"url\":\"https:\/\/bumerangdenetim.com\/wp-content\/uploads\/2017\/07\/bumerang-logo.png\",\"contentUrl\":\"https:\/\/bumerangdenetim.com\/wp-content\/uploads\/2017\/07\/bumerang-logo.png\",\"width\":137,\"height\":47,\"caption\":\"Bumerang Denetim Kurumsal Disiplin ve Y\\u00f6netim Dan\\u0131\\u015fmanl\\u0131\\u011f\\u0131 A.\\u015e.\"},\"image\":{\"@id\":\"https:\/\/bumerangdenetim.com\/#logo\"}},{\"@type\":\"WebSite\",\"@id\":\"https:\/\/bumerangdenetim.com\/#website\",\"url\":\"https:\/\/bumerangdenetim.com\/\",\"name\":\"Bumerang Denetim\",\"description\":\"Kurumsal Disiplin ve Y\\u00f6netim Dan\\u0131\\u015fmanl\\u0131\\u011f\\u0131 A.\\u015e.\",\"publisher\":{\"@id\":\"https:\/\/bumerangdenetim.com\/#organization\"},\"potentialAction\":[{\"@type\":\"SearchAction\",\"target\":{\"@type\":\"EntryPoint\",\"urlTemplate\":\"https:\/\/bumerangdenetim.com\/?s={search_term_string}\"},\"query-input\":\"required name=search_term_string\"}],\"inLanguage\":\"en-US\"},{\"@type\":\"WebPage\",\"@id\":\"https:\/\/bumerangdenetim.com\/en\/tecil-faizi-oranlari\/#webpage\",\"url\":\"https:\/\/bumerangdenetim.com\/en\/tecil-faizi-oranlari\/\",\"name\":\"Tecil Faizi Oranlar\\u0131 - Bumerang Denetim\",\"isPartOf\":{\"@id\":\"https:\/\/bumerangdenetim.com\/#website\"},\"datePublished\":\"2017-06-22T15:34:46+00:00\",\"dateModified\":\"2020-03-14T02:55:50+00:00\",\"breadcrumb\":{\"@id\":\"https:\/\/bumerangdenetim.com\/en\/tecil-faizi-oranlari\/#breadcrumb\"},\"inLanguage\":\"en-US\",\"potentialAction\":[{\"@type\":\"ReadAction\",\"target\":[\"https:\/\/bumerangdenetim.com\/en\/tecil-faizi-oranlari\/\"]}]},{\"@type\":\"BreadcrumbList\",\"@id\":\"https:\/\/bumerangdenetim.com\/en\/tecil-faizi-oranlari\/#breadcrumb\",\"itemListElement\":[{\"@type\":\"ListItem\",\"position\":1,\"name\":\"Home\",\"item\":\"https:\/\/bumerangdenetim.com\/\"},{\"@type\":\"ListItem\",\"position\":2,\"name\":\"Tecil Faizi Oranlar\\u0131\"}]}]}<\/script>\n<!-- \/ Yoast SEO plugin. -->","yoast_head_json":{"title":"Tecil Faizi Oranlar\u0131 - Bumerang Denetim","robots":{"index":"index","follow":"follow","max-snippet":"max-snippet:-1","max-image-preview":"max-image-preview:large","max-video-preview":"max-video-preview:-1"},"canonical":"https:\/\/bumerangdenetim.com\/en\/tecil-faizi-oranlari\/","og_locale":"en_US","og_type":"article","og_title":"Tecil Faizi Oranlar\u0131 - Bumerang Denetim","og_url":"https:\/\/bumerangdenetim.com\/en\/tecil-faizi-oranlari\/","og_site_name":"Bumerang Denetim","article_modified_time":"2020-03-14T02:55:50+00:00","twitter_card":"summary","twitter_misc":{"Est. reading time":"3 minutes"},"schema":{"@context":"https:\/\/schema.org","@graph":[{"@type":"Organization","@id":"https:\/\/bumerangdenetim.com\/#organization","name":"Bumerang Denetim Kurumsal Disiplin ve Y\u00f6netim Dan\u0131\u015fmanl\u0131\u011f\u0131 A.\u015e.","url":"https:\/\/bumerangdenetim.com\/","sameAs":["https:\/\/www.instagram.com\/bumerangdenetim\/","https:\/\/linkedin.com\/company\/bumerang-denetim-kurumsal-disiplin-ve-yonetim-danismanligi"],"logo":{"@type":"ImageObject","@id":"https:\/\/bumerangdenetim.com\/#logo","inLanguage":"en-US","url":"https:\/\/bumerangdenetim.com\/wp-content\/uploads\/2017\/07\/bumerang-logo.png","contentUrl":"https:\/\/bumerangdenetim.com\/wp-content\/uploads\/2017\/07\/bumerang-logo.png","width":137,"height":47,"caption":"Bumerang Denetim Kurumsal Disiplin ve Y\u00f6netim Dan\u0131\u015fmanl\u0131\u011f\u0131 A.\u015e."},"image":{"@id":"https:\/\/bumerangdenetim.com\/#logo"}},{"@type":"WebSite","@id":"https:\/\/bumerangdenetim.com\/#website","url":"https:\/\/bumerangdenetim.com\/","name":"Bumerang Denetim","description":"Kurumsal Disiplin ve Y\u00f6netim Dan\u0131\u015fmanl\u0131\u011f\u0131 A.\u015e.","publisher":{"@id":"https:\/\/bumerangdenetim.com\/#organization"},"potentialAction":[{"@type":"SearchAction","target":{"@type":"EntryPoint","urlTemplate":"https:\/\/bumerangdenetim.com\/?s={search_term_string}"},"query-input":"required name=search_term_string"}],"inLanguage":"en-US"},{"@type":"WebPage","@id":"https:\/\/bumerangdenetim.com\/en\/tecil-faizi-oranlari\/#webpage","url":"https:\/\/bumerangdenetim.com\/en\/tecil-faizi-oranlari\/","name":"Tecil Faizi Oranlar\u0131 - Bumerang Denetim","isPartOf":{"@id":"https:\/\/bumerangdenetim.com\/#website"},"datePublished":"2017-06-22T15:34:46+00:00","dateModified":"2020-03-14T02:55:50+00:00","breadcrumb":{"@id":"https:\/\/bumerangdenetim.com\/en\/tecil-faizi-oranlari\/#breadcrumb"},"inLanguage":"en-US","potentialAction":[{"@type":"ReadAction","target":["https:\/\/bumerangdenetim.com\/en\/tecil-faizi-oranlari\/"]}]},{"@type":"BreadcrumbList","@id":"https:\/\/bumerangdenetim.com\/en\/tecil-faizi-oranlari\/#breadcrumb","itemListElement":[{"@type":"ListItem","position":1,"name":"Home","item":"https:\/\/bumerangdenetim.com\/"},{"@type":"ListItem","position":2,"name":"Tecil Faizi Oranlar\u0131"}]}]}},"_links":{"self":[{"href":"https:\/\/bumerangdenetim.com\/en\/wp-json\/wp\/v2\/pages\/1308"}],"collection":[{"href":"https:\/\/bumerangdenetim.com\/en\/wp-json\/wp\/v2\/pages"}],"about":[{"href":"https:\/\/bumerangdenetim.com\/en\/wp-json\/wp\/v2\/types\/page"}],"author":[{"embeddable":true,"href":"https:\/\/bumerangdenetim.com\/en\/wp-json\/wp\/v2\/users\/1"}],"replies":[{"embeddable":true,"href":"https:\/\/bumerangdenetim.com\/en\/wp-json\/wp\/v2\/comments?post=1308"}],"version-history":[{"count":4,"href":"https:\/\/bumerangdenetim.com\/en\/wp-json\/wp\/v2\/pages\/1308\/revisions"}],"predecessor-version":[{"id":2493,"href":"https:\/\/bumerangdenetim.com\/en\/wp-json\/wp\/v2\/pages\/1308\/revisions\/2493"}],"wp:attachment":[{"href":"https:\/\/bumerangdenetim.com\/en\/wp-json\/wp\/v2\/media?parent=1308"}],"curies":[{"name":"wp","href":"https:\/\/api.w.org\/{rel}","templated":true}]}}