{"id":1306,"date":"2017-06-22T15:34:30","date_gmt":"2017-06-22T15:34:30","guid":{"rendered":"http:\/\/bumerangdenetim.com\/?page_id=1306"},"modified":"2020-03-14T18:10:47","modified_gmt":"2020-03-14T15:10:47","slug":"gecikme-zammi-oranlari","status":"publish","type":"page","link":"https:\/\/bumerangdenetim.com\/en\/gecikme-zammi-oranlari\/","title":{"rendered":"Gecikme Zamm\u0131 Oranlar\u0131"},"content":{"rendered":"<div class=\"fusion-fullwidth fullwidth-box fusion-builder-row-1 nonhundred-percent-fullwidth non-hundred-percent-height-scrolling\" style=\"background-color: #ffffff;background-position: center center;background-repeat: no-repeat;padding-top:0px;padding-right:0px;padding-bottom:0px;padding-left:0px;margin-bottom: 0px;margin-top: 0px;border-width: 0px 0px 0px 0px;border-color:#eae9e9;border-style:solid;\" ><div class=\"fusion-builder-row fusion-row\"><div class=\"fusion-layout-column fusion_builder_column fusion-builder-column-0 fusion_builder_column_1_1 1_1 fusion-one-full fusion-column-first fusion-column-last\" style=\"margin-top:0px;margin-bottom:20px;\"><div class=\"fusion-column-wrapper fusion-flex-column-wrapper-legacy\" style=\"background-position:left top;background-repeat:no-repeat;-webkit-background-size:cover;-moz-background-size:cover;-o-background-size:cover;background-size:cover;padding: 0px 0px 0px 0px;\">\n<div class=\"table-1\">\n<table width=\"100%\">\n<thead>\n<tr>\n<th align=\"left\">\n<table width=\"100%\">\n<tbody>\n<tr>\n<td width=\"88%\">\u00a0 Since 19.10.2010 Acc. to BKK NO 2010\/965<\/td>\n<td width=\"12%\">% 1,40<\/td>\n<\/tr>\n<tr>\n<td width=\"88%\">\u00a0Since 19.11.2009 Acc. to BKK NO 2006\/15565<\/td>\n<td width=\"12%\">% 1,95<\/td>\n<\/tr>\n<tr>\n<td width=\"88%\">\u00a0 Since 21.04.2006 Acc. to BKK NO 2006\/10302<\/td>\n<td width=\"12%\">% 2,5<\/td>\n<\/tr>\n<tr>\n<td width=\"88%\">\u3000Since 02.03.2005 Acc. to BKK NO 2005\/8551<\/td>\n<td width=\"12%\">% 3<\/td>\n<\/tr>\n<tr>\n<td width=\"88%\">\u3000Since 12.11.2003 Acc. to BKK NO 2003\/6345<\/td>\n<td width=\"12%\">% 4<\/td>\n<\/tr>\n<tr>\n<td width=\"88%\">\u3000Since 31.01.2002 Acc. to BKK NO 2001\/3550<\/td>\n<td width=\"12%\">% 7<\/td>\n<\/tr>\n<tr>\n<td width=\"88%\">\u3000Since 29.03.2001 Acc. to BKK NO 2001\/21785<\/td>\n<td width=\"12%\">\u3000% 10<\/td>\n<\/tr>\n<tr>\n<td width=\"88%\">\u3000Since 02.12.2000 Acc. to BKK NO 2000\/1555<\/td>\n<td width=\"12%\">\u3000% 5<\/td>\n<\/tr>\n<tr>\n<td width=\"88%\">\u3000Since 21.01.2000Acc. to BKK NO 2000\/7<\/td>\n<td width=\"12%\">\u3000% 6<\/td>\n<\/tr>\n<tr>\n<td width=\"88%\">\u3000In Between 09.07.1998-20.01.2000 Acc. to BKK NO 98\/11331<\/td>\n<td width=\"12%\">\u3000% 12<\/td>\n<\/tr>\n<tr>\n<td width=\"88%\">\u3000In Between 01.02.1996-08.07.1998 Acc. to BKK NO 96\/7798<\/td>\n<td width=\"12%\">\u3000% 15<\/td>\n<\/tr>\n<tr>\n<td width=\"88%\">\u3000In Between 31.08.1995-31.01.1996 Acc. to BKK NO 95\/7138<\/td>\n<td width=\"12%\">\u00a0 % 10<\/td>\n<\/tr>\n<tr>\n<td width=\"88%\">\u3000In Between 08.03.1994 &#8211; 30.08.1995 Acc. to BKK NO 94\/5335<\/td>\n<td width=\"12%\">\u3000% 12<\/td>\n<\/tr>\n<\/tbody>\n<\/table>\n<\/th>\n<\/tr>\n<\/thead>\n<tbody>\n<tr>\n<td align=\"left\"><\/td>\n<\/tr>\n<\/tbody>\n<\/table>\n<\/div>\n<div class=\"fusion-clearfix\"><\/div><\/div><\/div><\/div><\/div>\n","protected":false},"excerpt":{"rendered":"","protected":false},"author":1,"featured_media":0,"parent":0,"menu_order":0,"comment_status":"closed","ping_status":"closed","template":"","meta":{"_monsterinsights_skip_tracking":false,"_monsterinsights_sitenote_active":false,"_monsterinsights_sitenote_note":"","_monsterinsights_sitenote_category":0},"translation":{"provider":"WPGlobus","version":"2.8.1","language":"en","enabled_languages":["tr","en"],"languages":{"tr":{"title":true,"content":true,"excerpt":false},"en":{"title":false,"content":true,"excerpt":false}}},"yoast_head":"<!-- This site is optimized with the Yoast SEO plugin v16.7 - https:\/\/yoast.com\/wordpress\/plugins\/seo\/ -->\n<title>Gecikme Zamm\u0131 Oranlar\u0131 - Bumerang Denetim<\/title>\n<meta name=\"robots\" content=\"index, follow, max-snippet:-1, max-image-preview:large, max-video-preview:-1\" \/>\n<link rel=\"canonical\" href=\"https:\/\/bumerangdenetim.com\/gecikme-zammi-oranlari\/\" \/>\n<meta property=\"og:locale\" content=\"en_US\" \/>\n<meta property=\"og:type\" content=\"article\" \/>\n<meta property=\"og:title\" content=\"Gecikme Zamm\u0131 Oranlar\u0131 - Bumerang Denetim\" \/>\n<meta property=\"og:url\" content=\"https:\/\/bumerangdenetim.com\/gecikme-zammi-oranlari\/\" \/>\n<meta property=\"og:site_name\" content=\"Bumerang Denetim\" \/>\n<meta property=\"article:modified_time\" content=\"2020-03-14T15:10:47+00:00\" \/>\n<meta name=\"twitter:card\" content=\"summary\" \/>\n<meta name=\"twitter:label1\" content=\"Est. reading time\" \/>\n\t<meta name=\"twitter:data1\" content=\"2 minutes\" \/>\n<script type=\"application\/ld+json\" class=\"yoast-schema-graph\">{\"@context\":\"https:\/\/schema.org\",\"@graph\":[{\"@type\":\"Organization\",\"@id\":\"https:\/\/bumerangdenetim.com\/#organization\",\"name\":\"Bumerang Denetim Kurumsal Disiplin ve Y\\u00f6netim Dan\\u0131\\u015fmanl\\u0131\\u011f\\u0131 A.\\u015e.\",\"url\":\"https:\/\/bumerangdenetim.com\/\",\"sameAs\":[\"https:\/\/www.instagram.com\/bumerangdenetim\/\",\"https:\/\/linkedin.com\/company\/bumerang-denetim-kurumsal-disiplin-ve-yonetim-danismanligi\"],\"logo\":{\"@type\":\"ImageObject\",\"@id\":\"https:\/\/bumerangdenetim.com\/#logo\",\"inLanguage\":\"en-US\",\"url\":\"https:\/\/bumerangdenetim.com\/wp-content\/uploads\/2017\/07\/bumerang-logo.png\",\"contentUrl\":\"https:\/\/bumerangdenetim.com\/wp-content\/uploads\/2017\/07\/bumerang-logo.png\",\"width\":137,\"height\":47,\"caption\":\"Bumerang Denetim Kurumsal Disiplin ve Y\\u00f6netim Dan\\u0131\\u015fmanl\\u0131\\u011f\\u0131 A.\\u015e.\"},\"image\":{\"@id\":\"https:\/\/bumerangdenetim.com\/#logo\"}},{\"@type\":\"WebSite\",\"@id\":\"https:\/\/bumerangdenetim.com\/#website\",\"url\":\"https:\/\/bumerangdenetim.com\/\",\"name\":\"Bumerang Denetim\",\"description\":\"Kurumsal Disiplin ve Y\\u00f6netim Dan\\u0131\\u015fmanl\\u0131\\u011f\\u0131 A.\\u015e.\",\"publisher\":{\"@id\":\"https:\/\/bumerangdenetim.com\/#organization\"},\"potentialAction\":[{\"@type\":\"SearchAction\",\"target\":{\"@type\":\"EntryPoint\",\"urlTemplate\":\"https:\/\/bumerangdenetim.com\/?s={search_term_string}\"},\"query-input\":\"required name=search_term_string\"}],\"inLanguage\":\"en-US\"},{\"@type\":\"WebPage\",\"@id\":\"https:\/\/bumerangdenetim.com\/gecikme-zammi-oranlari\/#webpage\",\"url\":\"https:\/\/bumerangdenetim.com\/gecikme-zammi-oranlari\/\",\"name\":\"Gecikme Zamm\\u0131 Oranlar\\u0131 - Bumerang Denetim\",\"isPartOf\":{\"@id\":\"https:\/\/bumerangdenetim.com\/#website\"},\"datePublished\":\"2017-06-22T15:34:30+00:00\",\"dateModified\":\"2020-03-14T15:10:47+00:00\",\"breadcrumb\":{\"@id\":\"https:\/\/bumerangdenetim.com\/gecikme-zammi-oranlari\/#breadcrumb\"},\"inLanguage\":\"en-US\",\"potentialAction\":[{\"@type\":\"ReadAction\",\"target\":[\"https:\/\/bumerangdenetim.com\/gecikme-zammi-oranlari\/\"]}]},{\"@type\":\"BreadcrumbList\",\"@id\":\"https:\/\/bumerangdenetim.com\/gecikme-zammi-oranlari\/#breadcrumb\",\"itemListElement\":[{\"@type\":\"ListItem\",\"position\":1,\"name\":\"Home\",\"item\":\"https:\/\/bumerangdenetim.com\/\"},{\"@type\":\"ListItem\",\"position\":2,\"name\":\"Gecikme Zamm\\u0131 Oranlar\\u0131\"}]}]}<\/script>\n<!-- \/ Yoast SEO plugin. -->","yoast_head_json":{"title":"Gecikme Zamm\u0131 Oranlar\u0131 - Bumerang Denetim","robots":{"index":"index","follow":"follow","max-snippet":"max-snippet:-1","max-image-preview":"max-image-preview:large","max-video-preview":"max-video-preview:-1"},"canonical":"https:\/\/bumerangdenetim.com\/gecikme-zammi-oranlari\/","og_locale":"en_US","og_type":"article","og_title":"Gecikme Zamm\u0131 Oranlar\u0131 - Bumerang Denetim","og_url":"https:\/\/bumerangdenetim.com\/gecikme-zammi-oranlari\/","og_site_name":"Bumerang Denetim","article_modified_time":"2020-03-14T15:10:47+00:00","twitter_card":"summary","twitter_misc":{"Est. reading time":"2 minutes"},"schema":{"@context":"https:\/\/schema.org","@graph":[{"@type":"Organization","@id":"https:\/\/bumerangdenetim.com\/#organization","name":"Bumerang Denetim Kurumsal Disiplin ve Y\u00f6netim Dan\u0131\u015fmanl\u0131\u011f\u0131 A.\u015e.","url":"https:\/\/bumerangdenetim.com\/","sameAs":["https:\/\/www.instagram.com\/bumerangdenetim\/","https:\/\/linkedin.com\/company\/bumerang-denetim-kurumsal-disiplin-ve-yonetim-danismanligi"],"logo":{"@type":"ImageObject","@id":"https:\/\/bumerangdenetim.com\/#logo","inLanguage":"en-US","url":"https:\/\/bumerangdenetim.com\/wp-content\/uploads\/2017\/07\/bumerang-logo.png","contentUrl":"https:\/\/bumerangdenetim.com\/wp-content\/uploads\/2017\/07\/bumerang-logo.png","width":137,"height":47,"caption":"Bumerang Denetim Kurumsal Disiplin ve Y\u00f6netim Dan\u0131\u015fmanl\u0131\u011f\u0131 A.\u015e."},"image":{"@id":"https:\/\/bumerangdenetim.com\/#logo"}},{"@type":"WebSite","@id":"https:\/\/bumerangdenetim.com\/#website","url":"https:\/\/bumerangdenetim.com\/","name":"Bumerang Denetim","description":"Kurumsal Disiplin ve Y\u00f6netim Dan\u0131\u015fmanl\u0131\u011f\u0131 A.\u015e.","publisher":{"@id":"https:\/\/bumerangdenetim.com\/#organization"},"potentialAction":[{"@type":"SearchAction","target":{"@type":"EntryPoint","urlTemplate":"https:\/\/bumerangdenetim.com\/?s={search_term_string}"},"query-input":"required name=search_term_string"}],"inLanguage":"en-US"},{"@type":"WebPage","@id":"https:\/\/bumerangdenetim.com\/gecikme-zammi-oranlari\/#webpage","url":"https:\/\/bumerangdenetim.com\/gecikme-zammi-oranlari\/","name":"Gecikme Zamm\u0131 Oranlar\u0131 - Bumerang Denetim","isPartOf":{"@id":"https:\/\/bumerangdenetim.com\/#website"},"datePublished":"2017-06-22T15:34:30+00:00","dateModified":"2020-03-14T15:10:47+00:00","breadcrumb":{"@id":"https:\/\/bumerangdenetim.com\/gecikme-zammi-oranlari\/#breadcrumb"},"inLanguage":"en-US","potentialAction":[{"@type":"ReadAction","target":["https:\/\/bumerangdenetim.com\/gecikme-zammi-oranlari\/"]}]},{"@type":"BreadcrumbList","@id":"https:\/\/bumerangdenetim.com\/gecikme-zammi-oranlari\/#breadcrumb","itemListElement":[{"@type":"ListItem","position":1,"name":"Home","item":"https:\/\/bumerangdenetim.com\/"},{"@type":"ListItem","position":2,"name":"Gecikme Zamm\u0131 Oranlar\u0131"}]}]}},"_links":{"self":[{"href":"https:\/\/bumerangdenetim.com\/en\/wp-json\/wp\/v2\/pages\/1306"}],"collection":[{"href":"https:\/\/bumerangdenetim.com\/en\/wp-json\/wp\/v2\/pages"}],"about":[{"href":"https:\/\/bumerangdenetim.com\/en\/wp-json\/wp\/v2\/types\/page"}],"author":[{"embeddable":true,"href":"https:\/\/bumerangdenetim.com\/en\/wp-json\/wp\/v2\/users\/1"}],"replies":[{"embeddable":true,"href":"https:\/\/bumerangdenetim.com\/en\/wp-json\/wp\/v2\/comments?post=1306"}],"version-history":[{"count":4,"href":"https:\/\/bumerangdenetim.com\/en\/wp-json\/wp\/v2\/pages\/1306\/revisions"}],"predecessor-version":[{"id":2504,"href":"https:\/\/bumerangdenetim.com\/en\/wp-json\/wp\/v2\/pages\/1306\/revisions\/2504"}],"wp:attachment":[{"href":"https:\/\/bumerangdenetim.com\/en\/wp-json\/wp\/v2\/media?parent=1306"}],"curies":[{"name":"wp","href":"https:\/\/api.w.org\/{rel}","templated":true}]}}