{"id":1298,"date":"2017-06-22T15:31:47","date_gmt":"2017-06-22T15:31:47","guid":{"rendered":"http:\/\/bumerangdenetim.com\/?page_id=1298"},"modified":"2020-03-15T14:19:46","modified_gmt":"2020-03-15T11:19:46","slug":"damga-vergisine-tabi-kagitlar-ve-oranlari","status":"publish","type":"page","link":"https:\/\/bumerangdenetim.com\/en\/damga-vergisine-tabi-kagitlar-ve-oranlari\/","title":{"rendered":"Damga Vergisine Tabi Ka\u011f\u0131tlar ve Oranlar\u0131"},"content":{"rendered":"<div class=\"fusion-fullwidth fullwidth-box fusion-builder-row-1 nonhundred-percent-fullwidth non-hundred-percent-height-scrolling\" style=\"background-color: #ffffff;background-position: center center;background-repeat: no-repeat;padding-top:0px;padding-right:0px;padding-bottom:0px;padding-left:0px;margin-bottom: 0px;margin-top: 0px;border-width: 0px 0px 0px 0px;border-color:#eae9e9;border-style:solid;\" ><div class=\"fusion-builder-row fusion-row\"><div class=\"fusion-layout-column fusion_builder_column fusion-builder-column-0 fusion_builder_column_1_1 1_1 fusion-one-full fusion-column-first fusion-column-last\" style=\"margin-top:0px;margin-bottom:20px;\"><div class=\"fusion-column-wrapper fusion-flex-column-wrapper-legacy\" style=\"background-position:left top;background-repeat:no-repeat;-webkit-background-size:cover;-moz-background-size:cover;-o-background-size:cover;background-size:cover;padding: 0px 0px 0px 0px;\">\n<div class=\"table-1\">\n<table width=\"100%\">\n<thead>\n<tr>\n<th align=\"left\">\n<table width=\"100%\">\n<tbody>\n<tr>\n<td style=\"text-align: center;\" colspan=\"2\" width=\"440\">Valuable Financial Documents Subjected to Stamp Taxation<\/td>\n<\/tr>\n<tr>\n<td style=\"text-align: center;\" colspan=\"2\" width=\"440\"><\/td>\n<\/tr>\n<tr>\n<td width=\"432\"><strong>I.\u00a0 \u00a0Covenant Documents<\/strong><\/td>\n<td width=\"432\"><\/td>\n<\/tr>\n<tr>\n<td width=\"432\">Legal Documents containing monetary info.:<\/td>\n<td width=\"432\"><\/td>\n<\/tr>\n<tr>\n<td width=\"432\">1. Agreements,\u00a0 recognizances and conveyances<\/td>\n<td width=\"432\">(%0,825)<\/td>\n<\/tr>\n<tr>\n<td width=\"432\">2. Rental Agreements (Over the rental fee acc. to the duration of the agreement)<\/td>\n<td width=\"432\">(%0,165)<\/td>\n<\/tr>\n<tr>\n<td width=\"432\">3. Bailment, security deposits ve pawn tickets<\/td>\n<td width=\"432\">(%0,825)<\/td>\n<\/tr>\n<tr>\n<td width=\"432\">4. Bonds of Arbitration\u00a0 ve negotiated settlements<\/td>\n<td width=\"432\">(%0,825)<\/td>\n<\/tr>\n<tr>\n<td width=\"432\">5. Certificate of Annulment (for documents concerning other monetary documents)<\/td>\n<td width=\"432\">(%0,165)<\/td>\n<\/tr>\n<tr>\n<td width=\"432\">6. (Amendment: Article 5766\/10-b) (Effective Date: 6.6.2008)<\/td>\n<td width=\"432\"><\/td>\n<\/tr>\n<tr>\n<td width=\"432\">Contracts for the sale and transfer of used vehicles registered<\/td>\n<td width=\"432\"><\/td>\n<\/tr>\n<tr>\n<td width=\"432\">in accordance with the Highway Traffic Law<\/td>\n<td width=\"432\">(%0,165)<\/td>\n<\/tr>\n<tr>\n<td width=\"432\"><\/td>\n<td><\/td>\n<\/tr>\n<tr>\n<td width=\"432\"><strong>B. Legal Documents containing non-monetary info<\/strong>:<\/td>\n<td width=\"432\"><\/td>\n<\/tr>\n<tr>\n<td width=\"432\">1. Bonds of Arbitration<\/td>\n<td width=\"432\">(30,00 TL)<\/td>\n<\/tr>\n<tr>\n<td width=\"432\">2. Negotiated Documents<\/td>\n<td width=\"432\">(30,00 TL)<\/td>\n<\/tr>\n<tr>\n<td width=\"432\">3. Quota agreements between tourism<\/td>\n<td width=\"432\"><\/td>\n<\/tr>\n<tr>\n<td width=\"432\">companies and travel agencies<\/td>\n<td width=\"432\"><\/td>\n<\/tr>\n<tr>\n<td width=\"432\">(Including ones that contain monetary info)<\/td>\n<td width=\"432\">(168,20 TL)<\/td>\n<\/tr>\n<tr>\n<td width=\"432\"><strong>II. Resolutions and Mandates<\/strong><\/td>\n<td width=\"432\"><\/td>\n<\/tr>\n<tr>\n<td width=\"432\">1. Mandates, writs and resolutions by Council of State and arbitrator resolutions<\/td>\n<td width=\"432\"><\/td>\n<\/tr>\n<tr>\n<td width=\"432\">not related to Parliament, official<\/td>\n<td width=\"432\"><\/td>\n<\/tr>\n<tr>\n<td width=\"432\">delegations and administrative suits:<\/td>\n<td width=\"432\"><\/td>\n<\/tr>\n<tr>\n<td width=\"432\">\u00a0a) Concerning certain monetary value<\/td>\n<td width=\"432\">(%0,825)<\/td>\n<\/tr>\n<tr>\n<td width=\"432\">\u00a0b) Not concerning certain monetary value<\/td>\n<td width=\"432\">(30,00 TL)<\/td>\n<\/tr>\n<tr>\n<td width=\"432\">2. (Amendment : Article 5766\/10-c) (Effective Date : 6.6.2008)<\/td>\n<td width=\"432\"><\/td>\n<\/tr>\n<tr>\n<td width=\"432\">All kinds of tender decisions of the institutions that are subject to the tender<\/td>\n<td width=\"432\"><\/td>\n<\/tr>\n<tr>\n<td width=\"432\">laws or which are not subject to the tender law and of public legal entities.<\/td>\n<td width=\"432\">(%0,495)<\/td>\n<\/tr>\n<tr>\n<td width=\"432\"><strong>III. Legal Documents used in commercial operations and transactions<\/strong><\/td>\n<td width=\"432\"><\/td>\n<\/tr>\n<tr>\n<td width=\"432\">1. Commercial ve floating bills:<\/td>\n<td width=\"432\"><\/td>\n<\/tr>\n<tr>\n<td width=\"432\">a) Commodity Bills:<\/td>\n<td width=\"432\"><\/td>\n<\/tr>\n<tr>\n<td width=\"432\">\u00a0\u00a0\u00a0 aa) Warehouse receipt (Ware Receipt)<\/td>\n<td width=\"432\">(10,60 TL)<\/td>\n<\/tr>\n<tr>\n<td width=\"432\">\u00a0\u00a0\u00a0 ab) Pawn Ticket (Warrant)<\/td>\n<td width=\"432\">(6,30 TL)<\/td>\n<\/tr>\n<tr>\n<td width=\"432\">\u00a0\u00a0\u00a0 ac) Deposit Receipt<\/td>\n<td width=\"432\">(1,20 TL)<\/td>\n<\/tr>\n<tr>\n<td width=\"432\">\u00a0\u00a0\u00a0 ad) Carrier&#8217;s Receipt<\/td>\n<td width=\"432\">(0,55 TL)<\/td>\n<\/tr>\n<tr>\n<td width=\"432\">b) Bills of Lading<\/td>\n<td width=\"432\">(6,30 TL)<\/td>\n<\/tr>\n<tr>\n<td width=\"432\">c) Bottomry Bond<\/td>\n<td width=\"432\">(%0,825)<\/td>\n<\/tr>\n<tr>\n<td width=\"432\"><\/td>\n<td><\/td>\n<\/tr>\n<tr>\n<td width=\"432\">d) Mortgage Bonds, Annuity Bonds<\/td>\n<td width=\"432\">(%0,825)<\/td>\n<\/tr>\n<tr>\n<td width=\"432\">2. Commercial Documents:<\/td>\n<td width=\"432\"><\/td>\n<\/tr>\n<tr>\n<td width=\"432\">a) Certificate of Origin and Source<\/td>\n<td width=\"432\">(10,60 TL)<\/td>\n<\/tr>\n<tr>\n<td width=\"432\">b) Balance sheets, income statements and operating accounts brief subjected to<\/td>\n<td width=\"432\"><\/td>\n<\/tr>\n<tr>\n<td width=\"432\">government authorities and banks:<\/td>\n<td width=\"432\"><\/td>\n<\/tr>\n<tr>\n<td width=\"432\">\u00a0\u00a0\u00a0 ba) Balance Sheets<\/td>\n<td width=\"432\">(23,20 TL)<\/td>\n<\/tr>\n<tr>\n<td width=\"432\">\u00a0\u00a0\u00a0 bb) Income Statement<\/td>\n<td width=\"432\">(11,30 TL)<\/td>\n<\/tr>\n<tr>\n<td width=\"432\"><\/td>\n<td><\/td>\n<\/tr>\n<tr>\n<td width=\"432\">\u00a0\u00a0\u00a0 bc) Briefs of operating accounts<\/td>\n<td width=\"432\">(11,30 TL)<\/td>\n<\/tr>\n<tr>\n<td width=\"432\">c) Load Declarations<\/td>\n<td width=\"432\">(1,20 TL)<\/td>\n<\/tr>\n<tr>\n<td width=\"432\">d) Certified Manifesto Copies<\/td>\n<td width=\"432\">(4,70 TL)<\/td>\n<\/tr>\n<tr>\n<td width=\"432\">e) Delivery Orders<\/td>\n<td width=\"432\">(0,55 TL)<\/td>\n<\/tr>\n<tr>\n<td width=\"432\">f) Cargo manifests declared to the<\/td>\n<td width=\"432\">(4,70 TL)<\/td>\n<\/tr>\n<tr>\n<td width=\"432\">customs administration<\/td>\n<td><\/td>\n<\/tr>\n<tr>\n<td width=\"432\"><strong>IV. Vouchers and other valuable documents<\/strong><\/td>\n<td width=\"432\"><\/td>\n<\/tr>\n<tr>\n<td width=\"432\">1. Vouchers:<\/td>\n<td width=\"432\"><\/td>\n<\/tr>\n<tr>\n<td width=\"432\">a) Due to the payments (including those made as advance payments) related to the purchases of goods and services made by the official departments, the receipts and release notes given to the official departments and containing certain money and the transfer of these payments to the accounts and accounts opened or opened on behalf of the officials or orders and the papers that provide payment<\/td>\n<td width=\"432\">(%0,825)<\/td>\n<\/tr>\n<tr>\n<td width=\"432\"><\/td>\n<td width=\"432\"><\/td>\n<\/tr>\n<tr>\n<td width=\"432\">b) Money received in return for service, regardless of salary, wages, daily, peace, dues, special fees, bonuses, meals and housing, per diem, compensation and so on (Amendment: Article 5766\/10-\u00e7.) (Effective Date: 6.6 .2008) (including those paid in advance) and the receipts given and the papers that provide the transfer or the payment, if these moneys are not paid in cash and transferred to the current accounts to be opened or to be opened on behalf of the persons or paid to their orders and remittances.<\/td>\n<td width=\"432\">(%0,66)<\/td>\n<\/tr>\n<tr>\n<td width=\"432\"><\/td>\n<td width=\"432\"><\/td>\n<\/tr>\n<tr>\n<td width=\"432\">c) Vouchers for the borrowed money<\/td>\n<td width=\"432\"><\/td>\n<\/tr>\n<tr>\n<td width=\"432\">or vouchers of this nature<\/td>\n<td width=\"432\">(%0,66)<\/td>\n<\/tr>\n<tr>\n<td width=\"432\">d) Vouchers issued by debt enforcement offices for money paid to individuals on behalf of government authorities<\/td>\n<td width=\"432\">\u00a0(%0,66)<\/td>\n<\/tr>\n<tr>\n<td width=\"432\"><\/td>\n<td width=\"432\"><\/td>\n<\/tr>\n<tr>\n<td width=\"432\">2. Declarations (Only one of these documents is subjected to taxation)<\/td>\n<td width=\"432\"><\/td>\n<\/tr>\n<tr>\n<td width=\"432\"><\/td>\n<td width=\"432\"><\/td>\n<\/tr>\n<tr>\n<td width=\"432\">a) For each shipment item written in the list declarations given to the customs by post offices for customs clearance of postal shipments from foreign countries.<\/td>\n<td width=\"432\">(0,55 TL)<\/td>\n<\/tr>\n<tr>\n<td width=\"432\">b) Tax Declarations:<\/td>\n<td width=\"432\"><\/td>\n<\/tr>\n<tr>\n<td width=\"432\">\u00a0\u00a0\u00a0 ba) Annual Income Tax Declarations<\/td>\n<td width=\"432\">(30,00 TL)<\/td>\n<\/tr>\n<tr>\n<td width=\"432\">\u00a0\u00a0\u00a0 bb)\u00a0 Corporate Tax Declarations<\/td>\n<td width=\"432\">(40,10 TL)<\/td>\n<\/tr>\n<tr>\n<td width=\"432\">\u00a0\u00a0\u00a0 bc)\u00a0 VAT Declarations<\/td>\n<td width=\"432\">(19,90 TL)<\/td>\n<\/tr>\n<tr>\n<td width=\"432\">\u00a0\u00a0\u00a0 bd) Brief Declarations<\/td>\n<td width=\"432\">(19,90 TL)<\/td>\n<\/tr>\n<tr>\n<td width=\"432\">\u00a0\u00a0\u00a0 be) Other Tax Declarations (excluding<\/td>\n<td width=\"432\"><\/td>\n<\/tr>\n<tr>\n<td width=\"432\">stamp tax declarations)<\/td>\n<td width=\"432\">(19,90 TL)<\/td>\n<\/tr>\n<tr>\n<td width=\"432\">c) Declarations submitted to customs administrations<\/td>\n<td width=\"432\">(40,10 TL)<\/td>\n<\/tr>\n<tr>\n<td width=\"432\">d) Declarations submitted to municipalities and special provincial administrations<\/td>\n<td width=\"432\">(14,80 TL)<\/td>\n<\/tr>\n<tr>\n<td width=\"432\">e) Insurance premium declarations submitted to social security institutions<\/td>\n<td width=\"432\">(14,80 TL)<\/td>\n<\/tr>\n<tr>\n<td width=\"432\"><\/td>\n<td width=\"432\"><\/td>\n<\/tr>\n<tr>\n<td width=\"432\">f) (Amendment: Article 5838\/15)(Effective Date: 28.02.2009)From the brief declaration and insurance premium declaration submitted electronically, only for the brief declaration<\/td>\n<td width=\"432\">(23,60 TL)<\/td>\n<\/tr>\n<tr>\n<td width=\"432\">3. The abstracts, copies and translations of those whose originals are more than 1.00 Turkish Liras and subject to relative tax from the papers written in the table to be submitted to the official offices.<\/td>\n<td width=\"432\">(0,55 TL)<\/td>\n<\/tr>\n<\/tbody>\n<\/table>\n<\/th>\n<\/tr>\n<\/thead>\n<tbody>\n<tr>\n<td align=\"left\"><\/td>\n<\/tr>\n<\/tbody>\n<\/table>\n<\/div>\n<div class=\"fusion-clearfix\"><\/div><\/div><\/div><\/div><\/div>\n","protected":false},"excerpt":{"rendered":"","protected":false},"author":1,"featured_media":0,"parent":0,"menu_order":0,"comment_status":"closed","ping_status":"closed","template":"","meta":{"_monsterinsights_skip_tracking":false,"_monsterinsights_sitenote_active":false,"_monsterinsights_sitenote_note":"","_monsterinsights_sitenote_category":0},"translation":{"provider":"WPGlobus","version":"2.8.1","language":"en","enabled_languages":["tr","en"],"languages":{"tr":{"title":true,"content":true,"excerpt":false},"en":{"title":false,"content":true,"excerpt":false}}},"yoast_head":"<!-- This site is optimized with the Yoast SEO plugin v16.7 - https:\/\/yoast.com\/wordpress\/plugins\/seo\/ -->\n<title>Damga Vergisine Tabi Ka\u011f\u0131tlar ve Oranlar\u0131 - Bumerang Denetim<\/title>\n<meta name=\"robots\" content=\"index, follow, max-snippet:-1, max-image-preview:large, max-video-preview:-1\" \/>\n<link rel=\"canonical\" href=\"https:\/\/bumerangdenetim.com\/damga-vergisine-tabi-kagitlar-ve-oranlari\/\" \/>\n<meta property=\"og:locale\" content=\"en_US\" \/>\n<meta property=\"og:type\" content=\"article\" \/>\n<meta property=\"og:title\" content=\"Damga Vergisine Tabi Ka\u011f\u0131tlar ve Oranlar\u0131 - Bumerang Denetim\" \/>\n<meta property=\"og:url\" content=\"https:\/\/bumerangdenetim.com\/damga-vergisine-tabi-kagitlar-ve-oranlari\/\" \/>\n<meta property=\"og:site_name\" content=\"Bumerang Denetim\" \/>\n<meta property=\"article:modified_time\" content=\"2020-03-15T11:19:46+00:00\" \/>\n<meta name=\"twitter:card\" content=\"summary\" \/>\n<meta name=\"twitter:label1\" content=\"Est. reading time\" \/>\n\t<meta name=\"twitter:data1\" content=\"8 minutes\" \/>\n<script type=\"application\/ld+json\" class=\"yoast-schema-graph\">{\"@context\":\"https:\/\/schema.org\",\"@graph\":[{\"@type\":\"Organization\",\"@id\":\"https:\/\/bumerangdenetim.com\/#organization\",\"name\":\"Bumerang Denetim Kurumsal Disiplin ve Y\\u00f6netim Dan\\u0131\\u015fmanl\\u0131\\u011f\\u0131 A.\\u015e.\",\"url\":\"https:\/\/bumerangdenetim.com\/\",\"sameAs\":[\"https:\/\/www.instagram.com\/bumerangdenetim\/\",\"https:\/\/linkedin.com\/company\/bumerang-denetim-kurumsal-disiplin-ve-yonetim-danismanligi\"],\"logo\":{\"@type\":\"ImageObject\",\"@id\":\"https:\/\/bumerangdenetim.com\/#logo\",\"inLanguage\":\"en-US\",\"url\":\"https:\/\/bumerangdenetim.com\/wp-content\/uploads\/2017\/07\/bumerang-logo.png\",\"contentUrl\":\"https:\/\/bumerangdenetim.com\/wp-content\/uploads\/2017\/07\/bumerang-logo.png\",\"width\":137,\"height\":47,\"caption\":\"Bumerang Denetim Kurumsal Disiplin ve Y\\u00f6netim Dan\\u0131\\u015fmanl\\u0131\\u011f\\u0131 A.\\u015e.\"},\"image\":{\"@id\":\"https:\/\/bumerangdenetim.com\/#logo\"}},{\"@type\":\"WebSite\",\"@id\":\"https:\/\/bumerangdenetim.com\/#website\",\"url\":\"https:\/\/bumerangdenetim.com\/\",\"name\":\"Bumerang Denetim\",\"description\":\"Kurumsal Disiplin ve Y\\u00f6netim Dan\\u0131\\u015fmanl\\u0131\\u011f\\u0131 A.\\u015e.\",\"publisher\":{\"@id\":\"https:\/\/bumerangdenetim.com\/#organization\"},\"potentialAction\":[{\"@type\":\"SearchAction\",\"target\":{\"@type\":\"EntryPoint\",\"urlTemplate\":\"https:\/\/bumerangdenetim.com\/?s={search_term_string}\"},\"query-input\":\"required name=search_term_string\"}],\"inLanguage\":\"en-US\"},{\"@type\":\"WebPage\",\"@id\":\"https:\/\/bumerangdenetim.com\/damga-vergisine-tabi-kagitlar-ve-oranlari\/#webpage\",\"url\":\"https:\/\/bumerangdenetim.com\/damga-vergisine-tabi-kagitlar-ve-oranlari\/\",\"name\":\"Damga Vergisine Tabi Ka\\u011f\\u0131tlar ve Oranlar\\u0131 - Bumerang Denetim\",\"isPartOf\":{\"@id\":\"https:\/\/bumerangdenetim.com\/#website\"},\"datePublished\":\"2017-06-22T15:31:47+00:00\",\"dateModified\":\"2020-03-15T11:19:46+00:00\",\"breadcrumb\":{\"@id\":\"https:\/\/bumerangdenetim.com\/damga-vergisine-tabi-kagitlar-ve-oranlari\/#breadcrumb\"},\"inLanguage\":\"en-US\",\"potentialAction\":[{\"@type\":\"ReadAction\",\"target\":[\"https:\/\/bumerangdenetim.com\/damga-vergisine-tabi-kagitlar-ve-oranlari\/\"]}]},{\"@type\":\"BreadcrumbList\",\"@id\":\"https:\/\/bumerangdenetim.com\/damga-vergisine-tabi-kagitlar-ve-oranlari\/#breadcrumb\",\"itemListElement\":[{\"@type\":\"ListItem\",\"position\":1,\"name\":\"Home\",\"item\":\"https:\/\/bumerangdenetim.com\/\"},{\"@type\":\"ListItem\",\"position\":2,\"name\":\"Damga Vergisine Tabi Ka\\u011f\\u0131tlar ve Oranlar\\u0131\"}]}]}<\/script>\n<!-- \/ Yoast SEO plugin. -->","yoast_head_json":{"title":"Damga Vergisine Tabi Ka\u011f\u0131tlar ve Oranlar\u0131 - Bumerang Denetim","robots":{"index":"index","follow":"follow","max-snippet":"max-snippet:-1","max-image-preview":"max-image-preview:large","max-video-preview":"max-video-preview:-1"},"canonical":"https:\/\/bumerangdenetim.com\/damga-vergisine-tabi-kagitlar-ve-oranlari\/","og_locale":"en_US","og_type":"article","og_title":"Damga Vergisine Tabi Ka\u011f\u0131tlar ve Oranlar\u0131 - Bumerang Denetim","og_url":"https:\/\/bumerangdenetim.com\/damga-vergisine-tabi-kagitlar-ve-oranlari\/","og_site_name":"Bumerang Denetim","article_modified_time":"2020-03-15T11:19:46+00:00","twitter_card":"summary","twitter_misc":{"Est. reading time":"8 minutes"},"schema":{"@context":"https:\/\/schema.org","@graph":[{"@type":"Organization","@id":"https:\/\/bumerangdenetim.com\/#organization","name":"Bumerang Denetim Kurumsal Disiplin ve Y\u00f6netim Dan\u0131\u015fmanl\u0131\u011f\u0131 A.\u015e.","url":"https:\/\/bumerangdenetim.com\/","sameAs":["https:\/\/www.instagram.com\/bumerangdenetim\/","https:\/\/linkedin.com\/company\/bumerang-denetim-kurumsal-disiplin-ve-yonetim-danismanligi"],"logo":{"@type":"ImageObject","@id":"https:\/\/bumerangdenetim.com\/#logo","inLanguage":"en-US","url":"https:\/\/bumerangdenetim.com\/wp-content\/uploads\/2017\/07\/bumerang-logo.png","contentUrl":"https:\/\/bumerangdenetim.com\/wp-content\/uploads\/2017\/07\/bumerang-logo.png","width":137,"height":47,"caption":"Bumerang Denetim Kurumsal Disiplin ve Y\u00f6netim Dan\u0131\u015fmanl\u0131\u011f\u0131 A.\u015e."},"image":{"@id":"https:\/\/bumerangdenetim.com\/#logo"}},{"@type":"WebSite","@id":"https:\/\/bumerangdenetim.com\/#website","url":"https:\/\/bumerangdenetim.com\/","name":"Bumerang Denetim","description":"Kurumsal Disiplin ve Y\u00f6netim Dan\u0131\u015fmanl\u0131\u011f\u0131 A.\u015e.","publisher":{"@id":"https:\/\/bumerangdenetim.com\/#organization"},"potentialAction":[{"@type":"SearchAction","target":{"@type":"EntryPoint","urlTemplate":"https:\/\/bumerangdenetim.com\/?s={search_term_string}"},"query-input":"required name=search_term_string"}],"inLanguage":"en-US"},{"@type":"WebPage","@id":"https:\/\/bumerangdenetim.com\/damga-vergisine-tabi-kagitlar-ve-oranlari\/#webpage","url":"https:\/\/bumerangdenetim.com\/damga-vergisine-tabi-kagitlar-ve-oranlari\/","name":"Damga Vergisine Tabi Ka\u011f\u0131tlar ve Oranlar\u0131 - Bumerang Denetim","isPartOf":{"@id":"https:\/\/bumerangdenetim.com\/#website"},"datePublished":"2017-06-22T15:31:47+00:00","dateModified":"2020-03-15T11:19:46+00:00","breadcrumb":{"@id":"https:\/\/bumerangdenetim.com\/damga-vergisine-tabi-kagitlar-ve-oranlari\/#breadcrumb"},"inLanguage":"en-US","potentialAction":[{"@type":"ReadAction","target":["https:\/\/bumerangdenetim.com\/damga-vergisine-tabi-kagitlar-ve-oranlari\/"]}]},{"@type":"BreadcrumbList","@id":"https:\/\/bumerangdenetim.com\/damga-vergisine-tabi-kagitlar-ve-oranlari\/#breadcrumb","itemListElement":[{"@type":"ListItem","position":1,"name":"Home","item":"https:\/\/bumerangdenetim.com\/"},{"@type":"ListItem","position":2,"name":"Damga Vergisine Tabi Ka\u011f\u0131tlar ve Oranlar\u0131"}]}]}},"_links":{"self":[{"href":"https:\/\/bumerangdenetim.com\/en\/wp-json\/wp\/v2\/pages\/1298"}],"collection":[{"href":"https:\/\/bumerangdenetim.com\/en\/wp-json\/wp\/v2\/pages"}],"about":[{"href":"https:\/\/bumerangdenetim.com\/en\/wp-json\/wp\/v2\/types\/page"}],"author":[{"embeddable":true,"href":"https:\/\/bumerangdenetim.com\/en\/wp-json\/wp\/v2\/users\/1"}],"replies":[{"embeddable":true,"href":"https:\/\/bumerangdenetim.com\/en\/wp-json\/wp\/v2\/comments?post=1298"}],"version-history":[{"count":6,"href":"https:\/\/bumerangdenetim.com\/en\/wp-json\/wp\/v2\/pages\/1298\/revisions"}],"predecessor-version":[{"id":2511,"href":"https:\/\/bumerangdenetim.com\/en\/wp-json\/wp\/v2\/pages\/1298\/revisions\/2511"}],"wp:attachment":[{"href":"https:\/\/bumerangdenetim.com\/en\/wp-json\/wp\/v2\/media?parent=1298"}],"curies":[{"name":"wp","href":"https:\/\/api.w.org\/{rel}","templated":true}]}}