{"id":1249,"date":"2017-06-22T14:28:47","date_gmt":"2017-06-22T14:28:47","guid":{"rendered":"http:\/\/bumerangdenetim.com\/?page_id=1249"},"modified":"2020-03-14T04:20:20","modified_gmt":"2020-03-14T01:20:20","slug":"saglik-ve-ilac-sanayii","status":"publish","type":"page","link":"https:\/\/bumerangdenetim.com\/en\/saglik-ve-ilac-sanayii\/","title":{"rendered":"Sa\u011fl\u0131k ve \u0130la\u00e7 Sanayii"},"content":{"rendered":"<div class=\"fusion-fullwidth fullwidth-box fusion-builder-row-1 nonhundred-percent-fullwidth non-hundred-percent-height-scrolling\" style=\"background-color: #ffffff;background-position: center center;background-repeat: no-repeat;padding-top:0px;padding-right:0px;padding-bottom:0px;padding-left:0px;margin-bottom: 0px;margin-top: 0px;border-width: 0px 0px 0px 0px;border-color:#eae9e9;border-style:solid;\" ><div class=\"fusion-builder-row fusion-row\"><div class=\"fusion-layout-column fusion_builder_column fusion-builder-column-0 fusion_builder_column_1_1 1_1 fusion-one-full fusion-column-first fusion-column-last\" style=\"margin-top:0px;margin-bottom:20px;\"><div class=\"fusion-column-wrapper fusion-flex-column-wrapper-legacy\" style=\"background-position:left top;background-repeat:no-repeat;-webkit-background-size:cover;-moz-background-size:cover;-o-background-size:cover;background-size:cover;padding: 0px 0px 0px 0px;\"><div class=\"fusion-text fusion-text-1\" style=\"transform:translate3d(0,0,0);\"><p>Parallel to the growth in the world market, the pharmaceutical sector is growing in Turkey. The sector has reached a level comparable to that of EU countries in pharmaceutical production. In addition, we look at in terms of employment in Turkey, located at the top among European countries.<\/p>\n<p>pharmaceutical sector in Turkey is one of the most invested areas. In line with the increase in investments, strategic partnerships and mergers in the sector are also increasing. This type of partnership is expected to increase as the market is predicted to grow in the coming years.<\/p>\n<p>In many countries of the world, the pharmaceutical industry is kept under strict control by legal regulations. In Turkey, the pharmaceutical industry is subject to Ministry of Health regulations. As it is known, cost based price determination method has been abandoned and reference country application has been adopted.<\/p>\n<p>Our company, with its local experience, provides versatile audit, tax and consultancy services by producing the most suitable solutions that companies operating in the pharmaceutical and health products sector may need in all operations.<\/p>\n<p>Advantages of the health sector in Turkey in general terms, that the price of the EU and the US under a lot of doctors high quality, hospital beds have the capacity to adequate levels, the adequacy of the technical equipment, private hospitals integrated with the presence and the country&#8217;s western of the services of an interpreter Muslims considered to be a country.<\/p>\n<p><strong> Our company <\/strong> offers the following basic services as a solution partner to its customers.<br \/>\n<Ul><br \/>\n\u00a0<\/p>\n<li> Independent External Audit, <\/li>\n<p>\u00a0<\/p>\n<li> Tax Audit, Tax Consultancy, <\/li>\n<p>\u00a0<\/p>\n<li> IT (IT) Audit, <\/li>\n<p>\u00a0<\/p>\n<li> Computing (IT) Security, <\/li>\n<p>\u00a0<\/p>\n<li> Process analysis, performance analysis-effective cost control, operational efficiency, <\/li>\n<p>\u00a0<\/p>\n<li> Financial Consultancy and Consulting, <\/li>\n<p>\u00a0<\/p>\n<li> International and local public offering transactions, <\/li>\n<p>\u00a0<\/p>\n<li> Providing support services, seminars and training to companies related to IFRS, US GAAP, and European Union Accounting Standards, <\/li>\n<p>\u00a0<\/p>\n<li> Company Valuations, <\/li>\n<p>\u00a0<\/p>\n<li> Obtaining Investment Incentive Certificate, revision procedures and closing transactions, <\/li>\n<p>\u00a0<\/p>\n<li> Mergers and Transfers, <\/li>\n<p>\u00a0<\/p>\n<li> Corporate Management, <\/li>\n<p>\u00a0<\/p>\n<li> Internal Audit <\/li>\n<\/ul>\n<\/div><div class=\"fusion-clearfix\"><\/div><\/div><\/div><\/div><\/div>\n","protected":false},"excerpt":{"rendered":"","protected":false},"author":1,"featured_media":0,"parent":0,"menu_order":0,"comment_status":"closed","ping_status":"closed","template":"","meta":{"_monsterinsights_skip_tracking":false,"_monsterinsights_sitenote_active":false,"_monsterinsights_sitenote_note":"","_monsterinsights_sitenote_category":0},"translation":{"provider":"WPGlobus","version":"2.8.1","language":"en","enabled_languages":["tr","en"],"languages":{"tr":{"title":true,"content":true,"excerpt":false},"en":{"title":false,"content":true,"excerpt":false}}},"yoast_head":"<!-- This site is optimized with the Yoast SEO plugin v16.7 - https:\/\/yoast.com\/wordpress\/plugins\/seo\/ -->\n<title>Sa\u011fl\u0131k ve \u0130la\u00e7 Sanayii - Bumerang Denetim<\/title>\n<meta name=\"robots\" content=\"index, follow, max-snippet:-1, max-image-preview:large, max-video-preview:-1\" \/>\n<link rel=\"canonical\" href=\"https:\/\/bumerangdenetim.com\/saglik-ve-ilac-sanayii\/\" \/>\n<meta property=\"og:locale\" content=\"en_US\" \/>\n<meta property=\"og:type\" content=\"article\" \/>\n<meta property=\"og:title\" content=\"Sa\u011fl\u0131k ve \u0130la\u00e7 Sanayii - Bumerang Denetim\" \/>\n<meta property=\"og:url\" content=\"https:\/\/bumerangdenetim.com\/saglik-ve-ilac-sanayii\/\" \/>\n<meta property=\"og:site_name\" content=\"Bumerang Denetim\" \/>\n<meta property=\"article:modified_time\" content=\"2020-03-14T01:20:20+00:00\" \/>\n<meta name=\"twitter:card\" content=\"summary\" \/>\n<meta name=\"twitter:label1\" content=\"Est. reading time\" \/>\n\t<meta name=\"twitter:data1\" content=\"5 minutes\" \/>\n<script type=\"application\/ld+json\" class=\"yoast-schema-graph\">{\"@context\":\"https:\/\/schema.org\",\"@graph\":[{\"@type\":\"Organization\",\"@id\":\"https:\/\/bumerangdenetim.com\/#organization\",\"name\":\"Bumerang Denetim Kurumsal Disiplin ve Y\\u00f6netim Dan\\u0131\\u015fmanl\\u0131\\u011f\\u0131 A.\\u015e.\",\"url\":\"https:\/\/bumerangdenetim.com\/\",\"sameAs\":[\"https:\/\/www.instagram.com\/bumerangdenetim\/\",\"https:\/\/linkedin.com\/company\/bumerang-denetim-kurumsal-disiplin-ve-yonetim-danismanligi\"],\"logo\":{\"@type\":\"ImageObject\",\"@id\":\"https:\/\/bumerangdenetim.com\/#logo\",\"inLanguage\":\"en-US\",\"url\":\"https:\/\/bumerangdenetim.com\/wp-content\/uploads\/2017\/07\/bumerang-logo.png\",\"contentUrl\":\"https:\/\/bumerangdenetim.com\/wp-content\/uploads\/2017\/07\/bumerang-logo.png\",\"width\":137,\"height\":47,\"caption\":\"Bumerang Denetim Kurumsal Disiplin ve Y\\u00f6netim Dan\\u0131\\u015fmanl\\u0131\\u011f\\u0131 A.\\u015e.\"},\"image\":{\"@id\":\"https:\/\/bumerangdenetim.com\/#logo\"}},{\"@type\":\"WebSite\",\"@id\":\"https:\/\/bumerangdenetim.com\/#website\",\"url\":\"https:\/\/bumerangdenetim.com\/\",\"name\":\"Bumerang Denetim\",\"description\":\"Kurumsal Disiplin ve Y\\u00f6netim Dan\\u0131\\u015fmanl\\u0131\\u011f\\u0131 A.\\u015e.\",\"publisher\":{\"@id\":\"https:\/\/bumerangdenetim.com\/#organization\"},\"potentialAction\":[{\"@type\":\"SearchAction\",\"target\":{\"@type\":\"EntryPoint\",\"urlTemplate\":\"https:\/\/bumerangdenetim.com\/?s={search_term_string}\"},\"query-input\":\"required name=search_term_string\"}],\"inLanguage\":\"en-US\"},{\"@type\":\"WebPage\",\"@id\":\"https:\/\/bumerangdenetim.com\/saglik-ve-ilac-sanayii\/#webpage\",\"url\":\"https:\/\/bumerangdenetim.com\/saglik-ve-ilac-sanayii\/\",\"name\":\"Sa\\u011fl\\u0131k ve \\u0130la\\u00e7 Sanayii - Bumerang Denetim\",\"isPartOf\":{\"@id\":\"https:\/\/bumerangdenetim.com\/#website\"},\"datePublished\":\"2017-06-22T14:28:47+00:00\",\"dateModified\":\"2020-03-14T01:20:20+00:00\",\"breadcrumb\":{\"@id\":\"https:\/\/bumerangdenetim.com\/saglik-ve-ilac-sanayii\/#breadcrumb\"},\"inLanguage\":\"en-US\",\"potentialAction\":[{\"@type\":\"ReadAction\",\"target\":[\"https:\/\/bumerangdenetim.com\/saglik-ve-ilac-sanayii\/\"]}]},{\"@type\":\"BreadcrumbList\",\"@id\":\"https:\/\/bumerangdenetim.com\/saglik-ve-ilac-sanayii\/#breadcrumb\",\"itemListElement\":[{\"@type\":\"ListItem\",\"position\":1,\"name\":\"Home\",\"item\":\"https:\/\/bumerangdenetim.com\/\"},{\"@type\":\"ListItem\",\"position\":2,\"name\":\"Sa\\u011fl\\u0131k ve \\u0130la\\u00e7 Sanayii\"}]}]}<\/script>\n<!-- \/ Yoast SEO plugin. -->","yoast_head_json":{"title":"Sa\u011fl\u0131k ve \u0130la\u00e7 Sanayii - Bumerang Denetim","robots":{"index":"index","follow":"follow","max-snippet":"max-snippet:-1","max-image-preview":"max-image-preview:large","max-video-preview":"max-video-preview:-1"},"canonical":"https:\/\/bumerangdenetim.com\/saglik-ve-ilac-sanayii\/","og_locale":"en_US","og_type":"article","og_title":"Sa\u011fl\u0131k ve \u0130la\u00e7 Sanayii - Bumerang Denetim","og_url":"https:\/\/bumerangdenetim.com\/saglik-ve-ilac-sanayii\/","og_site_name":"Bumerang Denetim","article_modified_time":"2020-03-14T01:20:20+00:00","twitter_card":"summary","twitter_misc":{"Est. reading time":"5 minutes"},"schema":{"@context":"https:\/\/schema.org","@graph":[{"@type":"Organization","@id":"https:\/\/bumerangdenetim.com\/#organization","name":"Bumerang Denetim Kurumsal Disiplin ve Y\u00f6netim Dan\u0131\u015fmanl\u0131\u011f\u0131 A.\u015e.","url":"https:\/\/bumerangdenetim.com\/","sameAs":["https:\/\/www.instagram.com\/bumerangdenetim\/","https:\/\/linkedin.com\/company\/bumerang-denetim-kurumsal-disiplin-ve-yonetim-danismanligi"],"logo":{"@type":"ImageObject","@id":"https:\/\/bumerangdenetim.com\/#logo","inLanguage":"en-US","url":"https:\/\/bumerangdenetim.com\/wp-content\/uploads\/2017\/07\/bumerang-logo.png","contentUrl":"https:\/\/bumerangdenetim.com\/wp-content\/uploads\/2017\/07\/bumerang-logo.png","width":137,"height":47,"caption":"Bumerang Denetim Kurumsal Disiplin ve Y\u00f6netim Dan\u0131\u015fmanl\u0131\u011f\u0131 A.\u015e."},"image":{"@id":"https:\/\/bumerangdenetim.com\/#logo"}},{"@type":"WebSite","@id":"https:\/\/bumerangdenetim.com\/#website","url":"https:\/\/bumerangdenetim.com\/","name":"Bumerang Denetim","description":"Kurumsal Disiplin ve Y\u00f6netim Dan\u0131\u015fmanl\u0131\u011f\u0131 A.\u015e.","publisher":{"@id":"https:\/\/bumerangdenetim.com\/#organization"},"potentialAction":[{"@type":"SearchAction","target":{"@type":"EntryPoint","urlTemplate":"https:\/\/bumerangdenetim.com\/?s={search_term_string}"},"query-input":"required name=search_term_string"}],"inLanguage":"en-US"},{"@type":"WebPage","@id":"https:\/\/bumerangdenetim.com\/saglik-ve-ilac-sanayii\/#webpage","url":"https:\/\/bumerangdenetim.com\/saglik-ve-ilac-sanayii\/","name":"Sa\u011fl\u0131k ve \u0130la\u00e7 Sanayii - Bumerang Denetim","isPartOf":{"@id":"https:\/\/bumerangdenetim.com\/#website"},"datePublished":"2017-06-22T14:28:47+00:00","dateModified":"2020-03-14T01:20:20+00:00","breadcrumb":{"@id":"https:\/\/bumerangdenetim.com\/saglik-ve-ilac-sanayii\/#breadcrumb"},"inLanguage":"en-US","potentialAction":[{"@type":"ReadAction","target":["https:\/\/bumerangdenetim.com\/saglik-ve-ilac-sanayii\/"]}]},{"@type":"BreadcrumbList","@id":"https:\/\/bumerangdenetim.com\/saglik-ve-ilac-sanayii\/#breadcrumb","itemListElement":[{"@type":"ListItem","position":1,"name":"Home","item":"https:\/\/bumerangdenetim.com\/"},{"@type":"ListItem","position":2,"name":"Sa\u011fl\u0131k ve \u0130la\u00e7 Sanayii"}]}]}},"_links":{"self":[{"href":"https:\/\/bumerangdenetim.com\/en\/wp-json\/wp\/v2\/pages\/1249"}],"collection":[{"href":"https:\/\/bumerangdenetim.com\/en\/wp-json\/wp\/v2\/pages"}],"about":[{"href":"https:\/\/bumerangdenetim.com\/en\/wp-json\/wp\/v2\/types\/page"}],"author":[{"embeddable":true,"href":"https:\/\/bumerangdenetim.com\/en\/wp-json\/wp\/v2\/users\/1"}],"replies":[{"embeddable":true,"href":"https:\/\/bumerangdenetim.com\/en\/wp-json\/wp\/v2\/comments?post=1249"}],"version-history":[{"count":4,"href":"https:\/\/bumerangdenetim.com\/en\/wp-json\/wp\/v2\/pages\/1249\/revisions"}],"predecessor-version":[{"id":2487,"href":"https:\/\/bumerangdenetim.com\/en\/wp-json\/wp\/v2\/pages\/1249\/revisions\/2487"}],"wp:attachment":[{"href":"https:\/\/bumerangdenetim.com\/en\/wp-json\/wp\/v2\/media?parent=1249"}],"curies":[{"name":"wp","href":"https:\/\/api.w.org\/{rel}","templated":true}]}}