{"id":1223,"date":"2017-06-22T14:25:25","date_gmt":"2017-06-22T14:25:25","guid":{"rendered":"http:\/\/bumerangdenetim.com\/?page_id=1223"},"modified":"2020-03-14T03:42:13","modified_gmt":"2020-03-14T00:42:13","slug":"dayanikli-tuketim-mallari","status":"publish","type":"page","link":"https:\/\/bumerangdenetim.com\/en\/dayanikli-tuketim-mallari\/","title":{"rendered":"Dayan\u0131kl\u0131 T\u00fcketim Mallar\u0131"},"content":{"rendered":"<div class=\"fusion-fullwidth fullwidth-box fusion-builder-row-1 nonhundred-percent-fullwidth non-hundred-percent-height-scrolling\" style=\"background-color: #ffffff;background-position: center center;background-repeat: no-repeat;padding-top:0px;padding-right:0px;padding-bottom:0px;padding-left:0px;margin-bottom: 0px;margin-top: 0px;border-width: 0px 0px 0px 0px;border-color:#eae9e9;border-style:solid;\" ><div class=\"fusion-builder-row fusion-row\"><div class=\"fusion-layout-column fusion_builder_column fusion-builder-column-0 fusion_builder_column_1_1 1_1 fusion-one-full fusion-column-first fusion-column-last\" style=\"margin-top:0px;margin-bottom:20px;\"><div class=\"fusion-column-wrapper fusion-flex-column-wrapper-legacy\" style=\"background-position:left top;background-repeat:no-repeat;-webkit-background-size:cover;-moz-background-size:cover;-o-background-size:cover;background-size:cover;background-color:#fffded;padding: 0px 0px 0px 0px;\"><div class=\"fusion-text fusion-text-1\" style=\"transform:translate3d(0,0,0);\"><p>The high number of challenges faced by companies producing Retail and Consumer Products (CP) in today&#8217;s business environment has created a highly challenging environment with the intersection of market forces. Ability of CP sector companies to develop and maintain profit margins; competitive working environment, market segmentation, population growth, more conscious but less loyal customers are under pressure. In addition, there are sudden developments with growing competitive pressure, an increase in the number of alternative sales channels, the roles between suppliers and retailers, and the shifting power balance to retailers &#8211; especially for consumer goods producers.<\/p>\n<p><strong> Our company <\/strong> responds to customer needs in terms of marketing effectiveness, customer relationship management, optimization of the supply chain, consolidation, market value identification and corporate governance with its international experience and specialized employees.<br \/>\nOur basic services in the industry;<\/p>\n<ul>\n<li>Independent External Audit,<\/li>\n<li>Tax Audit, Tax Consultancy,<\/li>\n<li>IT (IT) Audit,<\/li>\n<li>Computing (IT) Security,<\/li>\n<li>Process analysis, performance analysis-effective cost control, operational efficiency,<\/li>\n<li>Financial Consultancy and Consulting,<\/li>\n<li>International and local public offering transactions,<\/li>\n<li>Providing support services, seminars and training to companies related to IFRS, US GAAP, and European Union Accounting Standards,<\/li>\n<li>Company Valuations,<\/li>\n<li>Mergers and Transfers,<\/li>\n<li>Corporate Management,<\/li>\n<li>Internal Audit<\/li>\n<\/ul>\n<\/div><div class=\"fusion-clearfix\"><\/div><\/div><\/div><\/div><\/div>\n","protected":false},"excerpt":{"rendered":"","protected":false},"author":1,"featured_media":0,"parent":0,"menu_order":0,"comment_status":"closed","ping_status":"closed","template":"","meta":{"_monsterinsights_skip_tracking":false,"_monsterinsights_sitenote_active":false,"_monsterinsights_sitenote_note":"","_monsterinsights_sitenote_category":0},"translation":{"provider":"WPGlobus","version":"2.8.1","language":"en","enabled_languages":["tr","en"],"languages":{"tr":{"title":true,"content":true,"excerpt":false},"en":{"title":false,"content":true,"excerpt":false}}},"yoast_head":"<!-- This site is optimized with the Yoast SEO plugin v16.7 - https:\/\/yoast.com\/wordpress\/plugins\/seo\/ -->\n<title>Dayan\u0131kl\u0131 T\u00fcketim Mallar\u0131 - Bumerang Denetim<\/title>\n<meta name=\"robots\" content=\"index, follow, max-snippet:-1, max-image-preview:large, max-video-preview:-1\" \/>\n<link rel=\"canonical\" href=\"https:\/\/bumerangdenetim.com\/dayanikli-tuketim-mallari\/\" \/>\n<meta property=\"og:locale\" content=\"en_US\" \/>\n<meta property=\"og:type\" content=\"article\" \/>\n<meta property=\"og:title\" content=\"Dayan\u0131kl\u0131 T\u00fcketim Mallar\u0131 - Bumerang Denetim\" \/>\n<meta property=\"og:url\" content=\"https:\/\/bumerangdenetim.com\/dayanikli-tuketim-mallari\/\" \/>\n<meta property=\"og:site_name\" content=\"Bumerang Denetim\" \/>\n<meta property=\"article:modified_time\" content=\"2020-03-14T00:42:13+00:00\" \/>\n<meta name=\"twitter:card\" content=\"summary\" \/>\n<meta name=\"twitter:label1\" content=\"Est. reading time\" \/>\n\t<meta name=\"twitter:data1\" content=\"4 minutes\" \/>\n<script type=\"application\/ld+json\" class=\"yoast-schema-graph\">{\"@context\":\"https:\/\/schema.org\",\"@graph\":[{\"@type\":\"Organization\",\"@id\":\"https:\/\/bumerangdenetim.com\/#organization\",\"name\":\"Bumerang Denetim Kurumsal Disiplin ve Y\\u00f6netim Dan\\u0131\\u015fmanl\\u0131\\u011f\\u0131 A.\\u015e.\",\"url\":\"https:\/\/bumerangdenetim.com\/\",\"sameAs\":[\"https:\/\/www.instagram.com\/bumerangdenetim\/\",\"https:\/\/linkedin.com\/company\/bumerang-denetim-kurumsal-disiplin-ve-yonetim-danismanligi\"],\"logo\":{\"@type\":\"ImageObject\",\"@id\":\"https:\/\/bumerangdenetim.com\/#logo\",\"inLanguage\":\"en-US\",\"url\":\"https:\/\/bumerangdenetim.com\/wp-content\/uploads\/2017\/07\/bumerang-logo.png\",\"contentUrl\":\"https:\/\/bumerangdenetim.com\/wp-content\/uploads\/2017\/07\/bumerang-logo.png\",\"width\":137,\"height\":47,\"caption\":\"Bumerang Denetim Kurumsal Disiplin ve Y\\u00f6netim Dan\\u0131\\u015fmanl\\u0131\\u011f\\u0131 A.\\u015e.\"},\"image\":{\"@id\":\"https:\/\/bumerangdenetim.com\/#logo\"}},{\"@type\":\"WebSite\",\"@id\":\"https:\/\/bumerangdenetim.com\/#website\",\"url\":\"https:\/\/bumerangdenetim.com\/\",\"name\":\"Bumerang Denetim\",\"description\":\"Kurumsal Disiplin ve Y\\u00f6netim Dan\\u0131\\u015fmanl\\u0131\\u011f\\u0131 A.\\u015e.\",\"publisher\":{\"@id\":\"https:\/\/bumerangdenetim.com\/#organization\"},\"potentialAction\":[{\"@type\":\"SearchAction\",\"target\":{\"@type\":\"EntryPoint\",\"urlTemplate\":\"https:\/\/bumerangdenetim.com\/?s={search_term_string}\"},\"query-input\":\"required name=search_term_string\"}],\"inLanguage\":\"en-US\"},{\"@type\":\"WebPage\",\"@id\":\"https:\/\/bumerangdenetim.com\/dayanikli-tuketim-mallari\/#webpage\",\"url\":\"https:\/\/bumerangdenetim.com\/dayanikli-tuketim-mallari\/\",\"name\":\"Dayan\\u0131kl\\u0131 T\\u00fcketim Mallar\\u0131 - Bumerang Denetim\",\"isPartOf\":{\"@id\":\"https:\/\/bumerangdenetim.com\/#website\"},\"datePublished\":\"2017-06-22T14:25:25+00:00\",\"dateModified\":\"2020-03-14T00:42:13+00:00\",\"breadcrumb\":{\"@id\":\"https:\/\/bumerangdenetim.com\/dayanikli-tuketim-mallari\/#breadcrumb\"},\"inLanguage\":\"en-US\",\"potentialAction\":[{\"@type\":\"ReadAction\",\"target\":[\"https:\/\/bumerangdenetim.com\/dayanikli-tuketim-mallari\/\"]}]},{\"@type\":\"BreadcrumbList\",\"@id\":\"https:\/\/bumerangdenetim.com\/dayanikli-tuketim-mallari\/#breadcrumb\",\"itemListElement\":[{\"@type\":\"ListItem\",\"position\":1,\"name\":\"Home\",\"item\":\"https:\/\/bumerangdenetim.com\/\"},{\"@type\":\"ListItem\",\"position\":2,\"name\":\"Dayan\\u0131kl\\u0131 T\\u00fcketim Mallar\\u0131\"}]}]}<\/script>\n<!-- \/ Yoast SEO plugin. -->","yoast_head_json":{"title":"Dayan\u0131kl\u0131 T\u00fcketim Mallar\u0131 - Bumerang Denetim","robots":{"index":"index","follow":"follow","max-snippet":"max-snippet:-1","max-image-preview":"max-image-preview:large","max-video-preview":"max-video-preview:-1"},"canonical":"https:\/\/bumerangdenetim.com\/dayanikli-tuketim-mallari\/","og_locale":"en_US","og_type":"article","og_title":"Dayan\u0131kl\u0131 T\u00fcketim Mallar\u0131 - Bumerang Denetim","og_url":"https:\/\/bumerangdenetim.com\/dayanikli-tuketim-mallari\/","og_site_name":"Bumerang Denetim","article_modified_time":"2020-03-14T00:42:13+00:00","twitter_card":"summary","twitter_misc":{"Est. reading time":"4 minutes"},"schema":{"@context":"https:\/\/schema.org","@graph":[{"@type":"Organization","@id":"https:\/\/bumerangdenetim.com\/#organization","name":"Bumerang Denetim Kurumsal Disiplin ve Y\u00f6netim Dan\u0131\u015fmanl\u0131\u011f\u0131 A.\u015e.","url":"https:\/\/bumerangdenetim.com\/","sameAs":["https:\/\/www.instagram.com\/bumerangdenetim\/","https:\/\/linkedin.com\/company\/bumerang-denetim-kurumsal-disiplin-ve-yonetim-danismanligi"],"logo":{"@type":"ImageObject","@id":"https:\/\/bumerangdenetim.com\/#logo","inLanguage":"en-US","url":"https:\/\/bumerangdenetim.com\/wp-content\/uploads\/2017\/07\/bumerang-logo.png","contentUrl":"https:\/\/bumerangdenetim.com\/wp-content\/uploads\/2017\/07\/bumerang-logo.png","width":137,"height":47,"caption":"Bumerang Denetim Kurumsal Disiplin ve Y\u00f6netim Dan\u0131\u015fmanl\u0131\u011f\u0131 A.\u015e."},"image":{"@id":"https:\/\/bumerangdenetim.com\/#logo"}},{"@type":"WebSite","@id":"https:\/\/bumerangdenetim.com\/#website","url":"https:\/\/bumerangdenetim.com\/","name":"Bumerang Denetim","description":"Kurumsal Disiplin ve Y\u00f6netim Dan\u0131\u015fmanl\u0131\u011f\u0131 A.\u015e.","publisher":{"@id":"https:\/\/bumerangdenetim.com\/#organization"},"potentialAction":[{"@type":"SearchAction","target":{"@type":"EntryPoint","urlTemplate":"https:\/\/bumerangdenetim.com\/?s={search_term_string}"},"query-input":"required name=search_term_string"}],"inLanguage":"en-US"},{"@type":"WebPage","@id":"https:\/\/bumerangdenetim.com\/dayanikli-tuketim-mallari\/#webpage","url":"https:\/\/bumerangdenetim.com\/dayanikli-tuketim-mallari\/","name":"Dayan\u0131kl\u0131 T\u00fcketim Mallar\u0131 - Bumerang Denetim","isPartOf":{"@id":"https:\/\/bumerangdenetim.com\/#website"},"datePublished":"2017-06-22T14:25:25+00:00","dateModified":"2020-03-14T00:42:13+00:00","breadcrumb":{"@id":"https:\/\/bumerangdenetim.com\/dayanikli-tuketim-mallari\/#breadcrumb"},"inLanguage":"en-US","potentialAction":[{"@type":"ReadAction","target":["https:\/\/bumerangdenetim.com\/dayanikli-tuketim-mallari\/"]}]},{"@type":"BreadcrumbList","@id":"https:\/\/bumerangdenetim.com\/dayanikli-tuketim-mallari\/#breadcrumb","itemListElement":[{"@type":"ListItem","position":1,"name":"Home","item":"https:\/\/bumerangdenetim.com\/"},{"@type":"ListItem","position":2,"name":"Dayan\u0131kl\u0131 T\u00fcketim Mallar\u0131"}]}]}},"_links":{"self":[{"href":"https:\/\/bumerangdenetim.com\/en\/wp-json\/wp\/v2\/pages\/1223"}],"collection":[{"href":"https:\/\/bumerangdenetim.com\/en\/wp-json\/wp\/v2\/pages"}],"about":[{"href":"https:\/\/bumerangdenetim.com\/en\/wp-json\/wp\/v2\/types\/page"}],"author":[{"embeddable":true,"href":"https:\/\/bumerangdenetim.com\/en\/wp-json\/wp\/v2\/users\/1"}],"replies":[{"embeddable":true,"href":"https:\/\/bumerangdenetim.com\/en\/wp-json\/wp\/v2\/comments?post=1223"}],"version-history":[{"count":6,"href":"https:\/\/bumerangdenetim.com\/en\/wp-json\/wp\/v2\/pages\/1223\/revisions"}],"predecessor-version":[{"id":2475,"href":"https:\/\/bumerangdenetim.com\/en\/wp-json\/wp\/v2\/pages\/1223\/revisions\/2475"}],"wp:attachment":[{"href":"https:\/\/bumerangdenetim.com\/en\/wp-json\/wp\/v2\/media?parent=1223"}],"curies":[{"name":"wp","href":"https:\/\/api.w.org\/{rel}","templated":true}]}}